{"id":25,"date":"2024-01-02T16:21:22","date_gmt":"2024-01-02T15:21:22","guid":{"rendered":"https:\/\/thoralm.at\/?page_id=25"},"modified":"2024-06-08T10:13:33","modified_gmt":"2024-06-08T08:13:33","slug":"imprint","status":"publish","type":"page","link":"https:\/\/thoralm.at\/en\/impressum\/","title":{"rendered":"Legal Notice"},"content":{"rendered":"<h3>Legal Notice<\/h3>\n<p>&nbsp;<\/p>\n<h4>Owners:<\/h4>\n<p>Mark Pohl and Robert Prym<br \/>\nTHORALM guesthouse with land<\/p>\n<p>&nbsp;<\/p>\n<h4>Registered office of the company:<\/h4>\n<p>THORALM Manufaktur GmbH<br \/>\nWeissenbach 274<br \/>\n5350 Strobl, Austria<\/p>\n<p>&nbsp;<\/p>\n<h4>Represented by:<\/h4>\n<p>Authorized managing directors and responsible for content:<br \/>\nMr. Mark Pohl and Mr. Robert Prym<\/p>\n<p>&nbsp;<\/p>\n<h4>Further shareholders:<\/h4>\n<p>of\u00a0THORALM Manu\u00adfaktur GmbH: Dr. Arne Kappenberg and Shaun Robinson<\/p>\n<p>&nbsp;<\/p>\n<h4>Contact:<\/h4>\n<p>THORALM Manufaktur GmbH<br \/>\nWeissenbach 274<br \/>\n5350 Strobl, Austria<\/p>\n<p>E-mail:\u00a0<a href=\"mailto:post@thoralm.at\">post@thoralm.at<\/a><\/p>\n<p>&nbsp;<\/p>\n<h4>Register entry:<\/h4>\n<p>THORALM Manufaktur GmbH \u00b7 Headquarters Strobl<br \/>\nCommercial Register Court \u00b7 Salzburg Regional Court, 5020 Salzburg<br \/>\nCommercial register number: FN 572186 a<\/p>\n<p>&nbsp;<\/p>\n<h4>Value added tax:<\/h4>\n<p>Tax number: 93267\/2520<br \/>\nSales tax identification number (UID): ATU77840302<\/p>\n<p>&nbsp;<\/p>\n<h4>Responsible for the content:<\/h4>\n<p>Mr. Mark Pohl and Mr. Robert Prym<br \/>\nTHORALM Manufaktur GmbH<br \/>\nWeissenbach 274<br \/>\n5350 Strobl, Austria<\/p>\n<p>&nbsp;<\/p>\n<h4>Dispute settlement:<\/h4>\n<p>The European Commission provides a platform for online dispute resolution (ODR):\u00a0<a href=\"https:\/\/ec.europa.eu\/consumers\/odr\" target=\"_blank\" rel=\"noopener\">https:\/\/ec.europa.eu\/consumers\/odr<\/a>.<br \/>\nYou can find our e-mail address in the legal notice above.<\/p>\n<p>We are not willing or obliged to participate in dispute resolution proceedings before a consumer arbitration board.<\/p>\n<p>&nbsp;<\/p>\n<h4>Legal notice, liability for content<\/h4>\n<p>THORALM Manufaktur GmbH assumes no liability for the topicality, correctness, completeness or quality of the information provided. Liability claims against THORALM Manufaktur GmbH relating to material or immaterial damage caused by the use or non-use of the information provided or by the use of incorrect or incomplete information are generally excluded, unless THORALM Manufaktur GmbH is guilty of wilful intent or gross negligence. All offers are subject to change and non-binding. THORALM Manufaktur GmbH expressly reserves the right to change, supplement or delete parts of the pages or the entire offer without prior notice or to cease publication temporarily or permanently. The information and data on this website are provided to the user exclusively for information purposes and for personal use.<\/p>\n<p>&nbsp;<\/p>\n<h4>Liability for references and links<\/h4>\n<p>THORALM Manufaktur GmbH accepts no liability for direct or indirect references to external websites (\"links\") that lie outside the area of responsibility of THORALM Manufaktur GmbH. THORALM Manufaktur GmbH expressly declares that it has no information about illegal content on the pages referred to in the above paragraph 1. THORALM Manufaktur GmbH has no influence on their current and future design and content. It also does not check the content of the pages that were changed after the link was created. This applies to all references and links to third parties set within the website as well as to third-party entries in guest books, discussion forums or mailing lists. The provider of the linked website is solely liable for incorrect, illegal or incomplete content and in particular for damages resulting from the use of such information.<\/p>\n<p>&nbsp;<\/p>\n<h4>Copyright and trademark law<\/h4>\n<p>THORALM Manufaktur GmbH expressly points out that the graphics, animations, photos and texts published on the website are protected by copyright or other forms of industrial property rights - trademarks, registered designs, etc. -. The underlying rights lie solely with THORALM Manufaktur GmbH or with third parties who have granted THORALM Manufaktur GmbH the right to publish them on the website. Reproduction or use of these graphics, animations, photos and texts in other electronic or printed publications is not permitted without the express written consent of THORALM Manufaktur GmbH.<\/p>\n<p>&nbsp;<\/p>\n<h4>Additional image rights<\/h4>\n<p>Adobe Stock \/ zoryanchik, Mayatnikstudio, Ralf, Ferran Grao Insa\/Wirestock, fesenko, Sergii Figurnyi, Torval Mork, ledokol.ua, stefano, Igor Normann, 5ph, Pedro Jos\u00e9 Ruiz\/Wirestock, Nat, Victoria Kondysenko, weyo<br \/>\n<div class=\"woocommerce woocommerce-gzd woocommerce-gzd-complaints-shortcode\">\n\t\t\t<h3>Information according to \u00a7 19 (3) AStG<\/h3>\n\t\t<p>Alternative Dispute Resolution Act - Online stores<\/p>\n\t\nWe are neither obliged nor willing to participate in dispute resolution proceedings before a consumer arbitration board.<\/div><\/p>","protected":false},"excerpt":{"rendered":"<p>Impressum &nbsp; Eigner: Mark Pohl und Robert Prym Gasthaus THORALM mit Land &nbsp; Sitz der Gesellschaft: THORALM Manu\u00adfaktur GmbH Wei\u00dfenbach 274 5350 Strobl, \u00d6sterreich &nbsp; Vertreten durch: Vertretungsberechtigte Gesch\u00e4ftsf\u00fchrer und inhaltlich verantwortlich: Herr Mark Pohl und Herr Robert Prym &nbsp; Weitere Gesellschafter: der\u00a0THORALM Manu\u00adfaktur GmbH: Dr. Arne Kappenberg und Shaun Robinson &nbsp; Kontakt: THORALM Manufaktur [&hellip;]<\/p>\n","protected":false},"author":1,"featured_media":0,"parent":0,"menu_order":0,"comment_status":"closed","ping_status":"closed","template":"","meta":{"_acf_changed":false,"footnotes":""},"class_list":["post-25","page","type-page","status-publish","hentry"],"acf":[],"_links":{"self":[{"href":"https:\/\/thoralm.at\/en\/wp-json\/wp\/v2\/pages\/25","targetHints":{"allow":["GET"]}}],"collection":[{"href":"https:\/\/thoralm.at\/en\/wp-json\/wp\/v2\/pages"}],"about":[{"href":"https:\/\/thoralm.at\/en\/wp-json\/wp\/v2\/types\/page"}],"author":[{"embeddable":true,"href":"https:\/\/thoralm.at\/en\/wp-json\/wp\/v2\/users\/1"}],"replies":[{"embeddable":true,"href":"https:\/\/thoralm.at\/en\/wp-json\/wp\/v2\/comments?post=25"}],"version-history":[{"count":0,"href":"https:\/\/thoralm.at\/en\/wp-json\/wp\/v2\/pages\/25\/revisions"}],"wp:attachment":[{"href":"https:\/\/thoralm.at\/en\/wp-json\/wp\/v2\/media?parent=25"}],"curies":[{"name":"wp","href":"https:\/\/api.w.org\/{rel}","templated":true}]}}